{"id":21534,"date":"2024-09-12T02:17:02","date_gmt":"2024-09-12T06:17:02","guid":{"rendered":"https:\/\/gavmgmt.ca\/?page_id=21534"},"modified":"2026-03-11T09:55:16","modified_gmt":"2026-03-11T13:55:16","slug":"application","status":"publish","type":"page","link":"https:\/\/gavmgmt.ca\/fr\/career\/application\/","title":{"rendered":"Job Application | Apply for AV Careers Today"},"content":{"rendered":"<div data-elementor-type=\"wp-page\" data-elementor-id=\"21534\" class=\"elementor elementor-21534\" data-elementor-settings=\"{&quot;ha_cmc_init_switcher&quot;:&quot;no&quot;}\">\n\t\t\t\t\t\t<section class=\"elementor-section elementor-top-section elementor-element elementor-element-f8fb14b elementor-section-boxed elementor-section-height-default elementor-section-height-default\" data-id=\"f8fb14b\" data-element_type=\"section\" data-e-type=\"section\" data-settings=\"{&quot;_ha_eqh_enable&quot;:false}\">\n\t\t\t\t\t\t<div class=\"elementor-container elementor-column-gap-default\">\n\t\t\t\t\t<div class=\"elementor-column elementor-col-100 elementor-top-column elementor-element elementor-element-0b48d4c\" data-id=\"0b48d4c\" data-element_type=\"column\" data-e-type=\"column\">\n\t\t\t<div class=\"elementor-widget-wrap elementor-element-populated\">\n\t\t\t\t\t\t<div class=\"elementor-element elementor-element-174431c elementor-widget elementor-widget-energium_heading\" data-id=\"174431c\" data-element_type=\"widget\" data-e-type=\"widget\" data-widget_type=\"energium_heading.default\">\n\t\t\t\t<div class=\"elementor-widget-container\">\n\t\t\t\t\t<div class=\"energium-heading-widget\"><h1 class=\"energium-heading\"><span class=\"energium-heading-content\">Construisez votre carri\u00e8re chez GAV MGMT<\/span><\/h1><\/div>\t\t\t\t<\/div>\n\t\t\t\t<\/div>\n\t\t\t\t<div class=\"elementor-element elementor-element-8faad12 elementor-widget elementor-widget-energium_heading\" data-id=\"8faad12\" data-element_type=\"widget\" data-e-type=\"widget\" data-widget_type=\"energium_heading.default\">\n\t\t\t\t<div class=\"elementor-widget-container\">\n\t\t\t\t\t<div class=\"energium-heading-widget\"><h5 class=\"energium-heading\"><span class=\"energium-heading-content\">Fa\u00e7onnez l\u2019avenir de l\u2019int\u00e9gration audiovisuelle et technologique avec une entreprise qui place les gens et la performance au premier plan.<\/span><\/h5><\/div>\t\t\t\t<\/div>\n\t\t\t\t<\/div>\n\t\t\t\t\t<\/div>\n\t\t<\/div>\n\t\t\t\t\t<\/div>\n\t\t<\/section>\n\t\t\t\t<section class=\"elementor-section elementor-top-section elementor-element elementor-element-571e88b elementor-section-boxed elementor-section-height-default elementor-section-height-default\" data-id=\"571e88b\" data-element_type=\"section\" data-e-type=\"section\" data-settings=\"{&quot;_ha_eqh_enable&quot;:false}\">\n\t\t\t\t\t\t<div class=\"elementor-container elementor-column-gap-default\">\n\t\t\t\t\t<div class=\"elementor-column elementor-col-33 elementor-top-column elementor-element elementor-element-192f63e\" data-id=\"192f63e\" data-element_type=\"column\" data-e-type=\"column\">\n\t\t\t<div class=\"elementor-widget-wrap elementor-element-populated\">\n\t\t\t\t\t\t<div class=\"elementor-element elementor-element-b7280dd elementor-hidden-tablet_extra elementor-hidden-tablet elementor-hidden-mobile_extra elementor-hidden-mobile elementor-widget elementor-widget-energium_vertical_text\" data-id=\"b7280dd\" data-element_type=\"widget\" data-e-type=\"widget\" data-widget_type=\"energium_vertical_text.default\">\n\t\t\t\t<div class=\"elementor-widget-container\">\n\t\t\t\t\t<div class=\"vertical-text\">Candidature<\/div>\t\t\t\t<\/div>\n\t\t\t\t<\/div>\n\t\t\t\t<div class=\"elementor-element elementor-element-7d0200c elementor-widget elementor-widget-energium_heading\" data-id=\"7d0200c\" data-element_type=\"widget\" data-e-type=\"widget\" data-widget_type=\"energium_heading.default\">\n\t\t\t\t<div class=\"elementor-widget-container\">\n\t\t\t\t\t<div class=\"energium-heading-widget\"><h2 class=\"energium-heading\"><span class=\"energium-heading-icon\"><i class=\"fontello icon-title-element\"><\/i><\/span><span class=\"energium-heading-content\">Joignez-vous \u00e0 notre \u00e9quipe<\/span><\/h2><\/div>\t\t\t\t<\/div>\n\t\t\t\t<\/div>\n\t\t\t\t<div class=\"elementor-element elementor-element-2d68402 elementor-widget elementor-widget-text-editor\" data-id=\"2d68402\" data-element_type=\"widget\" data-e-type=\"widget\" data-widget_type=\"text-editor.default\">\n\t\t\t\t\t\t\t\t\t<p>Vous \u00eates passionn\u00e9 par la technologie audiovisuelle, d\u00e9vou\u00e9, travailleur et aimez travailler en \u00e9quipe ? Rejoignez une \u00e9quipe gagnante.<\/p>\t\t\t\t\t\t\t\t<\/div>\n\t\t\t\t<div class=\"elementor-element elementor-element-6cdc9c1 elementor-widget elementor-widget-energium_heading\" data-id=\"6cdc9c1\" data-element_type=\"widget\" data-e-type=\"widget\" data-widget_type=\"energium_heading.default\">\n\t\t\t\t<div class=\"elementor-widget-container\">\n\t\t\t\t\t<div class=\"energium-heading-widget\"><h2 class=\"energium-heading\"><span class=\"energium-heading-content\">Adresse<\/span><\/h2><\/div>\t\t\t\t<\/div>\n\t\t\t\t<\/div>\n\t\t\t\t<div class=\"elementor-element elementor-element-679657a elementor-widget elementor-widget-text-editor\" data-id=\"679657a\" data-element_type=\"widget\" data-e-type=\"widget\" data-widget_type=\"text-editor.default\">\n\t\t\t\t\t\t\t\t\t<p>Centre d\u2019exp\u00e9rience<br \/>100 King Street West, Toronto, ON M5X 1A9<\/p><p>Toronto Office1321 Blundell Rd Mississauga, ON L4Y 1M6, Units 12-14<\/p><p>Montreal Office450 Mont\u00e9e de Liesse Saint Laurent, QC H4T 1N8<\/p>\t\t\t\t\t\t\t\t<\/div>\n\t\t\t\t<div class=\"elementor-element elementor-element-95b2736 elementor-widget elementor-widget-energium_heading\" data-id=\"95b2736\" data-element_type=\"widget\" data-e-type=\"widget\" data-widget_type=\"energium_heading.default\">\n\t\t\t\t<div class=\"elementor-widget-container\">\n\t\t\t\t\t<div class=\"energium-heading-widget\"><h2 class=\"energium-heading\"><span class=\"energium-heading-content\">T\u00e9l\u00e9phone<\/span><\/h2><\/div>\t\t\t\t<\/div>\n\t\t\t\t<\/div>\n\t\t\t\t<div class=\"elementor-element elementor-element-2f8b498 elementor-widget elementor-widget-text-editor\" data-id=\"2f8b498\" data-element_type=\"widget\" data-e-type=\"widget\" data-widget_type=\"text-editor.default\">\n\t\t\t\t\t\t\t\t\t<p><a href=\"tel:+18444286468\">+1 844 428 6468<\/a><\/p>\t\t\t\t\t\t\t\t<\/div>\n\t\t\t\t<div class=\"elementor-element elementor-element-1b0bdb5 elementor-widget elementor-widget-energium_heading\" data-id=\"1b0bdb5\" data-element_type=\"widget\" data-e-type=\"widget\" data-widget_type=\"energium_heading.default\">\n\t\t\t\t<div class=\"elementor-widget-container\">\n\t\t\t\t\t<div class=\"energium-heading-widget\"><h2 class=\"energium-heading\"><span class=\"energium-heading-content\">Courriel<\/span><\/h2><\/div>\t\t\t\t<\/div>\n\t\t\t\t<\/div>\n\t\t\t\t<div class=\"elementor-element elementor-element-6447bac elementor-widget elementor-widget-text-editor\" data-id=\"6447bac\" data-element_type=\"widget\" data-e-type=\"widget\" data-widget_type=\"text-editor.default\">\n\t\t\t\t\t\t\t\t\t<p><a href=\"mailto:info@gavmgmt.ca\">info@gavmgmt.ca<\/a><\/p>\t\t\t\t\t\t\t\t<\/div>\n\t\t\t\t\t<\/div>\n\t\t<\/div>\n\t\t\t\t<div class=\"elementor-column elementor-col-66 elementor-top-column elementor-element elementor-element-b1f309d\" data-id=\"b1f309d\" data-element_type=\"column\" data-e-type=\"column\">\n\t\t\t<div class=\"elementor-widget-wrap elementor-element-populated\">\n\t\t\t\t\t\t<div class=\"elementor-element elementor-element-647148d elementor-widget elementor-widget-energium_heading\" data-id=\"647148d\" data-element_type=\"widget\" data-e-type=\"widget\" data-widget_type=\"energium_heading.default\">\n\t\t\t\t<div class=\"elementor-widget-container\">\n\t\t\t\t\t<div class=\"energium-heading-widget\"><h4 class=\"energium-heading\"><span class=\"energium-heading-content\">Merci de votre int\u00e9r\u00eat \u00e0 rejoindre GAV MGMT. Veuillez remplir le formulaire de candidature ci-dessous pour postuler. Nous avons h\u00e2te de recevoir et d\u2019examiner votre candidature.<\/span><\/h4><\/div>\t\t\t\t<\/div>\n\t\t\t\t<\/div>\n\t\t\t\t<div class=\"elementor-element elementor-element-a825de0 job-apply-form elementor-widget elementor-widget-shortcode\" data-id=\"a825de0\" data-element_type=\"widget\" data-e-type=\"widget\" data-widget_type=\"shortcode.default\">\n\t\t\t\t\t\t\t<div class=\"elementor-shortcode\">\n<div class=\"wpcf7 no-js\" id=\"wpcf7-f32967-o1\" lang=\"en-CA\" dir=\"ltr\" data-wpcf7-id=\"32967\">\n<div class=\"screen-reader-response\"><p role=\"status\" aria-live=\"polite\" aria-atomic=\"true\"><\/p> <ul><\/ul><\/div>\n<form action=\"\/fr\/wp-json\/wp\/v2\/pages\/21534#wpcf7-f32967-o1\" method=\"post\" class=\"wpcf7-form init\" aria-label=\"Formulaire d\u2019information\" enctype=\"multipart\/form-data\" novalidate=\"novalidate\" data-status=\"init\" data-trp-original-action=\"\/fr\/wp-json\/wp\/v2\/pages\/21534#wpcf7-f32967-o1\">\n<fieldset class=\"hidden-fields-container\"><input type=\"hidden\" name=\"_wpcf7\" value=\"32967\" \/><input type=\"hidden\" name=\"_wpcf7_version\" value=\"6.1.5\" \/><input type=\"hidden\" name=\"_wpcf7_locale\" value=\"en_CA\" \/><input type=\"hidden\" name=\"_wpcf7_unit_tag\" value=\"wpcf7-f32967-o1\" \/><input type=\"hidden\" name=\"_wpcf7_container_post\" value=\"0\" \/><input type=\"hidden\" name=\"_wpcf7_posted_data_hash\" value=\"\" \/>\n<\/fieldset>\n<div class=\"two-column-row\">\n\t<div class=\"column-half\">\n\t\t<p><br \/>\n<label>Nom *<\/label><br \/>\n<span class=\"wpcf7-form-control-wrap\" data-name=\"your-name\"><input size=\"40\" maxlength=\"400\" class=\"wpcf7-form-control wpcf7-text wpcf7-validates-as-required\" autocomplete=\"name\" aria-required=\"true\" aria-invalid=\"false\" value=\"\" type=\"text\" name=\"your-name\" \/><\/span>\n\t\t<\/p>\n\t<\/div>\n\t<div class=\"column-half\">\n\t\t<p><br \/>\n<label>Courriel<\/label><br \/>\n<span class=\"wpcf7-form-control-wrap\" data-name=\"your-email\"><input size=\"40\" maxlength=\"400\" class=\"wpcf7-form-control wpcf7-email wpcf7-validates-as-required wpcf7-text wpcf7-validates-as-email\" autocomplete=\"email\" aria-required=\"true\" aria-invalid=\"false\" value=\"\" type=\"email\" name=\"your-email\" \/><\/span>\n\t\t<\/p>\n\t<\/div>\n<\/div>\n<div class=\"two-column-row\">\n\t<div class=\"column-half\">\n\t\t<p><br \/>\n<label>T\u00e9l\u00e9phone<\/label><br \/>\n<span class=\"wpcf7-form-control-wrap\" data-name=\"tel-phone\"><input size=\"40\" maxlength=\"400\" class=\"wpcf7-form-control wpcf7-tel wpcf7-validates-as-required wpcf7-text wpcf7-validates-as-tel\" autocomplete=\"phone\" aria-required=\"true\" aria-invalid=\"false\" value=\"\" type=\"tel\" name=\"tel-phone\" \/><\/span>\n\t\t<\/p>\n\t<\/div>\n\t<div class=\"column-half\">\n\t\t<p><br \/>\n<label>Date de d\u00e9but disponible<\/label><br \/>\n<span class=\"wpcf7-form-control-wrap\" data-name=\"date-start\"><input class=\"wpcf7-form-control wpcf7-date wpcf7-validates-as-date\" aria-invalid=\"false\" value=\"\" type=\"date\" name=\"date-start\" \/><\/span>\n\t\t<\/p>\n\t<\/div>\n<\/div>\n<p><label> Poste pour lequel vous postulez *<br \/>\n<span class=\"wpcf7-form-control-wrap\" data-name=\"select-position\"><select class=\"wpcf7-form-control wpcf7-select wpcf7-validates-as-required\" aria-required=\"true\" aria-invalid=\"false\" name=\"select-position\"><option value=\"Content &amp; CRM Marketing Specialist (Toronto, ON)\">Content &amp; CRM Marketing Specialist (Toronto, ON)<\/option><option value=\"Account Executive (Toronto, ON)\">Charg\u00e9 de comptes (Toronto, ON)<\/option><option value=\"Warehouse Associate (Montr\u00e9al, QC)\">Pr\u00e9pos\u00e9 \u00e0 l'entrep\u00f4t (Montr\u00e9al, QC)<\/option><option value=\"Warehouse Associate (Toronto, ON)\">Pr\u00e9pos\u00e9 \u00e0 l'entrep\u00f4t (Toronto, ON)<\/option><option value=\"Senior Audio Video Technician \/ Installation (Montr\u00e9al, QC)\">Technicien senior audiovisuel \/ Installation (Montr\u00e9al, QC)<\/option><option value=\"Senior  Audio-Visual Technician \/ Installation (Toronto, ON)\">Technicien senior audiovisuel \/ Installation (Toronto, ON)<\/option><\/select><\/span> <\/label><br \/>\n<label> Parlez-nous de vous *<br \/>\n<span class=\"wpcf7-form-control-wrap\" data-name=\"your-introduce\"><textarea cols=\"40\" rows=\"10\" maxlength=\"2000\" class=\"wpcf7-form-control wpcf7-textarea\" aria-invalid=\"false\" name=\"your-introduce\"><\/textarea><\/span> <\/label>\n<\/p>\n<p><label> Pourquoi ce poste vous int\u00e9resse-t-il ? *<br \/>\n<span class=\"wpcf7-form-control-wrap\" data-name=\"your-interest\"><textarea cols=\"40\" rows=\"10\" maxlength=\"2000\" class=\"wpcf7-form-control wpcf7-textarea\" aria-invalid=\"false\" name=\"your-interest\"><\/textarea><\/span> <\/label>\n<\/p>\n<p><label> T\u00e9l\u00e9verser le CV *<br \/>\n<span class=\"wpcf7-form-control-wrap\" data-name=\"file-resume\"><input size=\"40\" class=\"wpcf7-form-control wpcf7-file wpcf7-validates-as-required\" accept=\".pdf,.doc,.docx,.rtf,.odt,.txt\" aria-required=\"true\" aria-invalid=\"false\" type=\"file\" name=\"file-resume\" \/><\/span><\/label>\n<\/p>\n<p><input class=\"wpcf7-form-control wpcf7-submit has-spinner\" type=\"submit\" value=\"Envoyer\" \/>\n<\/p><div class=\"wpcf7-response-output\" aria-hidden=\"true\"><\/div>\n<input type=\"hidden\" name=\"trp-form-language\" value=\"fr\"\/><\/form>\n<\/div>\n<\/div>\n\t\t\t\t\t\t<\/div>\n\t\t\t\t\t<\/div>\n\t\t<\/div>\n\t\t\t\t\t<\/div>\n\t\t<\/section>\n\t\t\t\t<\/div>","protected":false},"excerpt":{"rendered":"<p>Are you passionate about audio-visual technology, dedicated, hard working, and a team player ? Join a winning team. Experience Centre100 King Street West, Toronto, ON M5X 1A9 Toronto Office1321 Blundell Rd Mississauga, ON L4Y 1M6, Units 12-14 Montreal Office450 Mont\u00e9e de&#8230;<\/p>","protected":false},"author":1,"featured_media":0,"parent":1763,"menu_order":0,"comment_status":"closed","ping_status":"closed","template":"","meta":{"content-type":"","footnotes":""},"class_list":["post-21534","page","type-page","status-publish","hentry"],"_links":{"self":[{"href":"https:\/\/gavmgmt.ca\/fr\/wp-json\/wp\/v2\/pages\/21534","targetHints":{"allow":["GET"]}}],"collection":[{"href":"https:\/\/gavmgmt.ca\/fr\/wp-json\/wp\/v2\/pages"}],"about":[{"href":"https:\/\/gavmgmt.ca\/fr\/wp-json\/wp\/v2\/types\/page"}],"author":[{"embeddable":true,"href":"https:\/\/gavmgmt.ca\/fr\/wp-json\/wp\/v2\/users\/1"}],"replies":[{"embeddable":true,"href":"https:\/\/gavmgmt.ca\/fr\/wp-json\/wp\/v2\/comments?post=21534"}],"version-history":[{"count":5,"href":"https:\/\/gavmgmt.ca\/fr\/wp-json\/wp\/v2\/pages\/21534\/revisions"}],"predecessor-version":[{"id":36526,"href":"https:\/\/gavmgmt.ca\/fr\/wp-json\/wp\/v2\/pages\/21534\/revisions\/36526"}],"up":[{"embeddable":true,"href":"https:\/\/gavmgmt.ca\/fr\/wp-json\/wp\/v2\/pages\/1763"}],"wp:attachment":[{"href":"https:\/\/gavmgmt.ca\/fr\/wp-json\/wp\/v2\/media?parent=21534"}],"curies":[{"name":"wp","href":"https:\/\/api.w.org\/{rel}","templated":true}]}}